{"id":399,"date":"2025-04-02T15:51:33","date_gmt":"2025-04-02T13:51:33","guid":{"rendered":"https:\/\/www.karina-apartments.it\/?page_id=399"},"modified":"2025-05-27T10:23:12","modified_gmt":"2025-05-27T08:23:12","slug":"impressum","status":"publish","type":"page","link":"https:\/\/www.karina-apartments.it\/it\/impressum\/","title":{"rendered":"Impressum"},"content":{"rendered":"<h4>Herausgeber &amp; Eigent\u00fcmer<\/h4>\n<p>Familie Armin Varesco<br \/>\nFriedhofstrasse 6<br \/>\n39040 Montan(BZ)<br \/>\nS\u00fcdtirol \/ Italien<br \/>\nT +39 333 290 70 31<br \/>\n<a href=\"mailto:i&#110;&#102;&#111;&#64;&#107;&#97;r&#105;&#110;a-&#97;&#112;a&#114;&#116;&#109;&#101;nt&#115;&#46;it\">i&#110;f&#111;&#64;k&#97;&#114;&#105;&#110;a&#45;&#97;&#112;&#97;r&#116;m&#101;n&#116;&#115;&#46;it<\/a><\/p>\n<p>MwSt-Nr. 03193830217<br \/>\nCIN (KARINA Lauben Lodge) IT021029B4BE94X524<br \/>\nCIN (KARINA Mulino) IT021053B4EIUALVR6<\/p>\n<h4>Design, Programmierung &amp; CMS<\/h4>\n<p>ps-design<br \/>\nd. Pircher Stefan<br \/>\nLaugengasse 24<br \/>\nI-39011 Lana (BZ)<br \/>\nM +39 333 3914367<br \/>\n<a href=\"mailto:&#105;&#110;f&#111;&#64;&#112;s&#45;de&#115;i&#103;n.&#105;t\">&#105;n&#102;&#111;&#64;&#112;&#115;&#45;d&#101;&#115;&#105;g&#110;&#46;&#105;t<\/a><\/p>\n<h4>Texterstellung<\/h4>\n<p>Familie Armin Varesco<\/p>\n<h4>Fotos &amp; Bildquellen<\/h4>\n<p>Familie Armin Varesco<\/p>\n<h4>Hinweise &amp; Haftungsausschluss<\/h4>\n<p>Alle Angaben und Inhalte dieser Internet-Seite wurden von uns sorgf\u00e4ltig \u00fcberpr\u00fcft. Trotz aller Sorgfalt kann keine Haftung oder Garantie f\u00fcr die Richtigkeit, Vollst\u00e4ndigkeit und Aktualit\u00e4t der Daten \u00fcbernommen werden. Dies gilt auch f\u00fcr alle anderen Websites, auf die mit Hyperlinks verwiesen wird. KARINA Apartments ist f\u00fcr den Inhalt der Websites, die aufgrund einer solchen Verbindung erreicht werden, nicht verantwortlich. Wir behalten uns das Recht vor, Aktualisierungen, \u00c4nderungen oder Erg\u00e4nzungen an den bereitgestellten Informationen und Daten vorzunehmen.<\/p>\n<h4>EU-Streitschlichtung<\/h4>\n<p>Die Europ\u00e4ische Kommission stellt eine <a href=\"https:\/\/ec.europa.eu\/consumers\/odr\" target=\"_blank\" rel=\"noopener\">Plattform zur Online-Streitbeilegung<\/a> (OS) bereit.<\/p>\n<h4>Copyright<\/h4>\n<p>Konzept, Struktur und Inhalt dieser Website ist urheberrechtlich gesch\u00fctzt. Die Vervielf\u00e4ltigung von Informationen oder Daten, insbesondere die Verwendung von Texten, Textteilen oder Bildmaterial bedarf der vorherigen Zustimmung von KARINA Apartments.<\/p>\n<h4>CMS-System<\/h4>\n<p>powered by <a href=\"\/\/de.wordpress.org\" target=\"_blank\" rel=\"noopener noreferrer\">WordPress<\/a><\/p>\n","protected":false},"excerpt":{"rendered":"<p>Herausgeber &amp; Eigent\u00fcmer Familie Armin Varesco Friedhofstrasse 6 39040 Montan(BZ) S\u00fcdtirol \/ Italien T +39 333 290 70 31 MwSt-Nr. 03193830217 CIN (KARINA Lauben Lodge) IT021029B4BE94X524 CIN (KARINA Mulino) IT021053B4EIUALVR6 Design, Programmierung &amp; CMS ps-design d. Pircher Stefan Laugengasse 24 I-39011 Lana (BZ) M +39 333 3914367 Texterstellung Familie Armin Varesco Fotos &amp; Bildquellen Familie [&hellip;]<\/p>\n","protected":false},"author":2,"featured_media":332,"parent":0,"menu_order":80,"comment_status":"closed","ping_status":"closed","template":"","meta":{"footnotes":""},"zusatzfeld":[],"class_list":["post-399","page","type-page","status-publish","has-post-thumbnail","hentry"],"_links":{"self":[{"href":"https:\/\/www.karina-apartments.it\/it\/wp-json\/wp\/v2\/pages\/399","targetHints":{"allow":["GET"]}}],"collection":[{"href":"https:\/\/www.karina-apartments.it\/it\/wp-json\/wp\/v2\/pages"}],"about":[{"href":"https:\/\/www.karina-apartments.it\/it\/wp-json\/wp\/v2\/types\/page"}],"author":[{"embeddable":true,"href":"https:\/\/www.karina-apartments.it\/it\/wp-json\/wp\/v2\/users\/2"}],"replies":[{"embeddable":true,"href":"https:\/\/www.karina-apartments.it\/it\/wp-json\/wp\/v2\/comments?post=399"}],"version-history":[{"count":0,"href":"https:\/\/www.karina-apartments.it\/it\/wp-json\/wp\/v2\/pages\/399\/revisions"}],"wp:featuredmedia":[{"embeddable":true,"href":"https:\/\/www.karina-apartments.it\/it\/wp-json\/wp\/v2\/media\/332"}],"wp:attachment":[{"href":"https:\/\/www.karina-apartments.it\/it\/wp-json\/wp\/v2\/media?parent=399"}],"wp:term":[{"taxonomy":"zusatzfeld","embeddable":true,"href":"https:\/\/www.karina-apartments.it\/it\/wp-json\/wp\/v2\/zusatzfeld?post=399"}],"curies":[{"name":"wp","href":"https:\/\/api.w.org\/{rel}","templated":true}]}}